{"id":16906,"date":"2014-03-28T15:07:53","date_gmt":"2014-03-28T15:07:53","guid":{"rendered":"http:\/\/bebidasjuanmiguel.com\/almacen\/aviso-legal\/"},"modified":"2018-05-10T17:40:17","modified_gmt":"2018-05-10T15:40:17","slug":"legal-notice","status":"publish","type":"page","link":"https:\/\/bebidasjuanmiguel.com\/en\/legal-notice\/","title":{"rendered":"Legal Notice"},"content":{"rendered":"<div class=\"wpb-content-wrapper\"><p>[vc_row css_animation=&#8221;&#8221; row_type=&#8221;row&#8221; use_row_as_full_screen_section=&#8221;no&#8221; type=&#8221;full_width&#8221; angled_section=&#8221;no&#8221; text_align=&#8221;left&#8221; background_image_as_pattern=&#8221;without_pattern&#8221; background_color=&#8221;#ffffff&#8221; padding_top=&#8221;0&#8243; padding_bottom=&#8221;95&#8243; padding=&#8221;2&#8243;][vc_column][vc_column_text]<\/p>\n<h2 style=\"text-align: left;\">Cl\u00e1usula Informativa<\/h2>\n<p>[\/vc_column_text][vc_separator type=&#8221;transparent&#8221; up=&#8221;20&#8243; down=&#8221;25&#8243;][vc_column_text]<\/p>\n<div class=\"Normal-P0\"><span class=\"Normal-C0\">De acuerdo con lo establecido en la Ley Org\u00e1nica 15\/1999, de Protecci\u00f3n de datos de car\u00e1cter personal, se le informa que los datos de car\u00e1cter personal proporcionados ser\u00e1n incluidos en uno o varios ficheros titularidad de ALMAC\u00c9N DE BEBIDAS JUAN MIGUEL, S.L., debidamente registrados en la Agencia Espa\u00f1ola de Protecci\u00f3n de Datos y que tiene por finalidad el tratamiento administrativo de los proveedores\/clientes.<br \/>\n<\/span> <span class=\"Normal-C0\">Podr\u00e1 ejercer sus derechos de acceso, rectificaci\u00f3n, cancelaci\u00f3n y oposici\u00f3n, dirigi\u00e9ndose a la sede en calle C\u00e1rtama, n\u00famero 15 en La Cala de Mijas (M\u00e1laga).<br \/>\n<\/span> <span class=\"Normal-C0\">As\u00ed mismo, les comunicamos que sus datos ser\u00e1n tratados con la confidencialidad exigida en materia de protecci\u00f3n de datos y con las medidas de seguridad exigidas en la misma.<br \/>\n<\/span> <span class=\"Normal-C0\">Mediante el presente documento se cumple con el deber de informaci\u00f3n legal exigido por la normativa de protecci\u00f3n de datos y con su firma otorga su consentimiento para el tratamiento de sus datos con los fines arriba previstos.<\/span><\/div>\n<p>[\/vc_column_text][\/vc_column][\/vc_row]<\/p>\n<\/div>","protected":false},"excerpt":{"rendered":"<p>[vc_row css_animation=&#8221;&#8221; row_type=&#8221;row&#8221; use_row_as_full_screen_section=&#8221;no&#8221; type=&#8221;full_width&#8221; angled_section=&#8221;no&#8221; text_align=&#8221;left&#8221; background_image_as_pattern=&#8221;without_pattern&#8221; background_color=&#8221;#ffffff&#8221; padding_top=&#8221;0&#8243; padding_bottom=&#8221;95&#8243; padding=&#8221;2&#8243;][vc_column][vc_column_text] Cl\u00e1usula Informativa [\/vc_column_text][vc_separator type=&#8221;transparent&#8221; up=&#8221;20&#8243; down=&#8221;25&#8243;][vc_column_text] De acuerdo con lo establecido en la Ley Org\u00e1nica 15\/1999, de Protecci\u00f3n de datos de car\u00e1cter personal, se le informa que los datos de car\u00e1cter personal proporcionados&#8230;<\/p>\n","protected":false},"author":1,"featured_media":0,"parent":0,"menu_order":0,"comment_status":"open","ping_status":"open","template":"","meta":{"footnotes":""},"class_list":["post-16906","page","type-page","status-publish","hentry"],"_links":{"self":[{"href":"https:\/\/bebidasjuanmiguel.com\/en\/wp-json\/wp\/v2\/pages\/16906","targetHints":{"allow":["GET"]}}],"collection":[{"href":"https:\/\/bebidasjuanmiguel.com\/en\/wp-json\/wp\/v2\/pages"}],"about":[{"href":"https:\/\/bebidasjuanmiguel.com\/en\/wp-json\/wp\/v2\/types\/page"}],"author":[{"embeddable":true,"href":"https:\/\/bebidasjuanmiguel.com\/en\/wp-json\/wp\/v2\/users\/1"}],"replies":[{"embeddable":true,"href":"https:\/\/bebidasjuanmiguel.com\/en\/wp-json\/wp\/v2\/comments?post=16906"}],"version-history":[{"count":1,"href":"https:\/\/bebidasjuanmiguel.com\/en\/wp-json\/wp\/v2\/pages\/16906\/revisions"}],"predecessor-version":[{"id":16907,"href":"https:\/\/bebidasjuanmiguel.com\/en\/wp-json\/wp\/v2\/pages\/16906\/revisions\/16907"}],"wp:attachment":[{"href":"https:\/\/bebidasjuanmiguel.com\/en\/wp-json\/wp\/v2\/media?parent=16906"}],"curies":[{"name":"wp","href":"https:\/\/api.w.org\/{rel}","templated":true}]}}